{"id":46,"date":"2023-12-25T10:42:24","date_gmt":"2023-12-25T09:42:24","guid":{"rendered":"https:\/\/cyclos-pujols.com\/?page_id=46"},"modified":"2024-07-08T19:40:24","modified_gmt":"2024-07-08T17:40:24","slug":"accueil","status":"publish","type":"page","link":"https:\/\/cyclos-pujols.com\/","title":{"rendered":"Accueil"},"content":{"rendered":"\n<p style=\"font-style:normal;font-weight:500\">Le Groupe Cyclo Pujolais est un club de cyclisme, fond\u00e9 en 1980, affili\u00e9 \u00e0 la F\u00e9d\u00e9ration Fran\u00e7aise de Cyclotourisme. Nos sorties hebdomadaires \u2014 chaque mardi et jeudi, \u00e0 13h30 en hiver et \u00e0 08h30 en \u00e9t\u00e9 \u2014 sont ouvertes non seulement \u00e0 nos membres mais aussi \u00e0 tout cycliste qui d\u00e9tient une licence dans une f\u00e9d\u00e9ration de cyclisme quelconque: FFCT, Ufolep, FFC ou autre. Les non-licenci\u00e9s sont invit\u00e9s a rouler avec nous deux ou trois fois avant de d\u00e9cider s\u2019ils prendront une licence.<\/p>\n\n\n\n<p>Nos sorties partent du petit parking sur la rue Pierre Richard, pr\u00e8s de la gare de Villeneuve (voir plan).&nbsp;<\/p>\n\n\n\n<figure class=\"wp-block-image size-large\"><img loading=\"lazy\" decoding=\"async\" width=\"967\" height=\"1024\" src=\"https:\/\/cyclos-pujols.com\/wp-content\/uploads\/2023\/12\/Lieu-de-depart-967x1024.jpg\" alt=\"\" class=\"wp-image-104\" srcset=\"https:\/\/cyclos-pujols.com\/wp-content\/uploads\/2023\/12\/Lieu-de-depart-967x1024.jpg 967w, https:\/\/cyclos-pujols.com\/wp-content\/uploads\/2023\/12\/Lieu-de-depart-283x300.jpg 283w, https:\/\/cyclos-pujols.com\/wp-content\/uploads\/2023\/12\/Lieu-de-depart-768x813.jpg 768w, https:\/\/cyclos-pujols.com\/wp-content\/uploads\/2023\/12\/Lieu-de-depart-1451x1536.jpg 1451w, https:\/\/cyclos-pujols.com\/wp-content\/uploads\/2023\/12\/Lieu-de-depart-1934x2048.jpg 1934w, https:\/\/cyclos-pujols.com\/wp-content\/uploads\/2023\/12\/Lieu-de-depart.jpg 2038w\" sizes=\"auto, (max-width: 967px) 100vw, 967px\" \/><\/figure>\n","protected":false},"excerpt":{"rendered":"<p>Le Groupe Cyclo Pujolais est un club de cyclisme, fond\u00e9 en 1980, affili\u00e9 \u00e0 la F\u00e9d\u00e9ration Fran\u00e7aise de Cyclotourisme. Nos sorties hebdomadaires \u2014 chaque mardi et jeudi, \u00e0 13h30 en hiver et \u00e0 08h30 en \u00e9t\u00e9 \u2014 sont ouvertes non &hellip; <a href=\"https:\/\/cyclos-pujols.com\/\">Continue reading <span class=\"meta-nav\">&rarr;<\/span><\/a><\/p>\n","protected":false},"author":1,"featured_media":0,"parent":0,"menu_order":1,"comment_status":"closed","ping_status":"closed","template":"","meta":{"footnotes":""},"class_list":["post-46","page","type-page","status-publish","hentry"],"_links":{"self":[{"href":"https:\/\/cyclos-pujols.com\/index.php\/wp-json\/wp\/v2\/pages\/46","targetHints":{"allow":["GET"]}}],"collection":[{"href":"https:\/\/cyclos-pujols.com\/index.php\/wp-json\/wp\/v2\/pages"}],"about":[{"href":"https:\/\/cyclos-pujols.com\/index.php\/wp-json\/wp\/v2\/types\/page"}],"author":[{"embeddable":true,"href":"https:\/\/cyclos-pujols.com\/index.php\/wp-json\/wp\/v2\/users\/1"}],"replies":[{"embeddable":true,"href":"https:\/\/cyclos-pujols.com\/index.php\/wp-json\/wp\/v2\/comments?post=46"}],"version-history":[{"count":9,"href":"https:\/\/cyclos-pujols.com\/index.php\/wp-json\/wp\/v2\/pages\/46\/revisions"}],"predecessor-version":[{"id":219,"href":"https:\/\/cyclos-pujols.com\/index.php\/wp-json\/wp\/v2\/pages\/46\/revisions\/219"}],"wp:attachment":[{"href":"https:\/\/cyclos-pujols.com\/index.php\/wp-json\/wp\/v2\/media?parent=46"}],"curies":[{"name":"wp","href":"https:\/\/api.w.org\/{rel}","templated":true}]}}